{"id":3780,"date":"2020-11-23T12:52:28","date_gmt":"2020-11-23T11:52:28","guid":{"rendered":"http:\/\/serwer76064.lh.pl\/?page_id=3780"},"modified":"2021-09-05T21:58:01","modified_gmt":"2021-09-05T19:58:01","slug":"czas-realizacji-zamowienia","status":"publish","type":"page","link":"https:\/\/hastan.pl\/en\/czas-realizacji-zamowienia\/","title":{"rendered":"TIME OF ORDER COMPLETION"},"content":{"rendered":"<p>Immediately after placing your order, you will receive an e-mail confirming the order and a link to be clicked. After receiving the acceptance of the order, we start its implementation, and you will be kept informed about the progress of our work.<\/p><h3 class=\"wp-block-heading\"><strong>Date of receipt of the package = shipping date + delivery time<\/strong><\/h3><p>The shipping date results from&nbsp;<strong>product availability<\/strong>&nbsp;and chosen&nbsp;<strong>payment methods<\/strong>while the delivery time depends on the one you choose&nbsp;<strong>forms of delivery<\/strong>.<\/p><h3 class=\"wp-block-heading\">Availability of products<\/h3><p>For each product, a date is given that describes when the products can be shipped by us - from 24 hours to several, sometimes even several days (in the case of hard-to-reach products). We make every effort to ensure that the offer presented on the website corresponds to the actual stock levels, but it may happen that the actual delivery time will be extended - we will inform you immediately.<\/p><p>If you order multiple products, the shipping time for the entire order is matched to the product with the longest shipping time. You can complete the order in stages - contact us or enter the appropriate annotation in the comments to the order.<\/p>","protected":false},"excerpt":{"rendered":"<p>Natychmiast po z\u0142o\u017ceniu przez Ciebie zam\u00f3wienia otrzymasz e-mail z potwierdzeniem z\u0142o\u017conego zam\u00f3wienia i linkiem, w kt\u00f3ry nale\u017cy klikn\u0105\u0107. Po otrzymaniu akceptacji zam\u00f3wienia rozpoczynamy jego realizacj\u0119, a Ty b\u0119dziesz na bie\u017c\u0105co informowany o post\u0119pie naszych prac. Termin otrzymania paczki = termin wysy\u0142ki + czas dostawy Termin wysy\u0142ki wynika z&nbsp;dost\u0119pno\u015bci produkt\u00f3w&nbsp;i wybranej&nbsp;formy p\u0142atno\u015bci, podczas gdy czas dostawy [&hellip;]<\/p>","protected":false},"author":1,"featured_media":0,"parent":0,"menu_order":0,"comment_status":"closed","ping_status":"closed","template":"","meta":{"footnotes":""},"_links":{"self":[{"href":"https:\/\/hastan.pl\/en\/wp-json\/wp\/v2\/pages\/3780"}],"collection":[{"href":"https:\/\/hastan.pl\/en\/wp-json\/wp\/v2\/pages"}],"about":[{"href":"https:\/\/hastan.pl\/en\/wp-json\/wp\/v2\/types\/page"}],"author":[{"embeddable":true,"href":"https:\/\/hastan.pl\/en\/wp-json\/wp\/v2\/users\/1"}],"replies":[{"embeddable":true,"href":"https:\/\/hastan.pl\/en\/wp-json\/wp\/v2\/comments?post=3780"}],"version-history":[{"count":1,"href":"https:\/\/hastan.pl\/en\/wp-json\/wp\/v2\/pages\/3780\/revisions"}],"predecessor-version":[{"id":3781,"href":"https:\/\/hastan.pl\/en\/wp-json\/wp\/v2\/pages\/3780\/revisions\/3781"}],"wp:attachment":[{"href":"https:\/\/hastan.pl\/en\/wp-json\/wp\/v2\/media?parent=3780"}],"curies":[{"name":"wp","href":"https:\/\/api.w.org\/{rel}","templated":true}]}}