{"id":11412,"date":"2023-02-28T20:00:57","date_gmt":"2023-02-28T19:00:57","guid":{"rendered":"https:\/\/hastan.pl\/?post_type=product&#038;p=11412"},"modified":"2026-03-04T10:07:48","modified_gmt":"2026-03-04T09:07:48","slug":"legginsy-pushup-fiolet","status":"publish","type":"product","link":"https:\/\/hastan.pl\/en\/product\/legginsy-pushup-fiolet\/","title":{"rendered":"Leggins push up purple"},"content":{"rendered":"<p>CLIMBING LEGGINS PUSH UP<\/p>\n<p><span style=\"color: #800080;\">Are you looking for leggings that aren't see-through? Or maybe those that don't fall during training and the belt doesn't roll?<\/span><br \/>\n<span style=\"color: #800080;\">If you want feel like second skin, check our climbing, seamless leggins.<\/span><\/p>\n<p>Perfect for climbing, yoga, running, fitness and daily use.<\/p>\n<p>Here are some reasons why it's worth it:<\/p>\n<p>DESIGN:<\/p>\n<ul>\n<li>specialized seamless technology giving the effect of a second skin<\/li>\n<li>high waist flattening the belly<\/li>\n<li>wide waist shaping belt<\/li>\n<li>belt that doesn't wrap during intensive training<\/li>\n<li>modeling yoke above the buttocks<\/li>\n<li>contoured buttocks<\/li>\n<li>under the buttocks modeling \"push up\" undercut lifting the buttocks<\/li>\n<li>on the quadriceps of the thigh, compression inserts in the ribs modeling the hips and thighs<\/li>\n<li>wedge crotch insert<\/li>\n<\/ul>\n<p>COMFORT:<\/p>\n<ul>\n<li>appropriate weave of knitted fabric, which is not transparent and pleasant to the touch<\/li>\n<li>the material is strong and resistant, and at the same time it is extremely durable<\/li>\n<li>seamless leggings make you feel like in a second skin<\/li>\n<\/ul>\n<p><span style=\"color: #800080;\">It is a shot of femininity and sport in one project<\/span><br \/>\n<span style=\"color: #800080;\">In climbing leggings you will feel comfortable and beautiful.<\/span><\/p>\n<p>COMPOSITION<br \/>\nPolyamide 88%<br \/>\nElastane 12%<\/p>\n<p>SIZE CHART:<\/p>\n<p>Choose the perfect size for your figure and remember about the right underwear.<\/p>\n<table>\n<tbody>\n<tr>\n<td style=\"text-align: center;\" colspan=\"5\" width=\"604\"><strong>Leggins pushup<\/strong><\/td>\n<\/tr>\n<tr>\n<td width=\"121\"><\/td>\n<td style=\"text-align: center;\" width=\"121\">XXS<\/td>\n<td style=\"text-align: center;\" width=\"121\">XS<\/td>\n<td style=\"text-align: center;\" width=\"121\">S<\/td>\n<td style=\"text-align: center;\" width=\"121\">M<\/td>\n<\/tr>\n<tr>\n<td width=\"121\"><strong>Waist circumference<\/strong><\/td>\n<td style=\"text-align: center;\" width=\"121\">55-59<\/td>\n<td style=\"text-align: center;\" width=\"121\">60-64<\/td>\n<td style=\"text-align: center;\" width=\"121\">65-69<\/td>\n<td style=\"text-align: center;\" width=\"121\">70-74<\/td>\n<\/tr>\n<tr>\n<td width=\"121\"><strong>Hips circumference<\/strong><\/td>\n<td style=\"text-align: center;\" width=\"121\">85-88<\/td>\n<td style=\"text-align: center;\" width=\"121\">89-93<\/td>\n<td style=\"text-align: center;\" width=\"121\">94-98<\/td>\n<td style=\"text-align: center;\" width=\"121\">99-105<\/td>\n<\/tr>\n<tr>\n<td width=\"121\"><strong>Total length\u00a0<\/strong><\/td>\n<td style=\"text-align: center;\" width=\"121\">78<\/td>\n<td style=\"text-align: center;\" width=\"121\">86<\/td>\n<td style=\"text-align: center;\" width=\"121\">90<\/td>\n<td style=\"text-align: center;\" width=\"121\">95<\/td>\n<\/tr>\n<tr>\n<td width=\"121\"><strong>Length from crotch to ankle<\/strong><\/td>\n<td style=\"text-align: center;\" width=\"121\">56<\/td>\n<td style=\"text-align: center;\" width=\"121\">64<\/td>\n<td style=\"text-align: center;\" width=\"121\">68<\/td>\n<td style=\"text-align: center;\" width=\"121\">72<\/td>\n<\/tr>\n<\/tbody>\n<\/table>\n<p>The leggings will perfectly match:<br \/>\n<a href=\"https:\/\/hastan.pl\/en\/kategoria-produktu\/damskie\/seamless\/bezszwowy-top\/\">Seamless sports bra<\/a><br \/>\nChoose one for yourself.<\/p>","protected":false},"excerpt":{"rendered":"<p>LEGGINSY WSPINACZKOWE PUSH UP Szukasz leggins\u00f3w, kt\u00f3re nie prze\u015bwituj\u0105? A mo\u017ce takich, kt\u00f3re podczas treningu nie spadaj\u0105 a pas si\u0119 nie roluje? Je\u015bli chcesz poczu\u0107, \u017ce legginsy mog\u0105 by\u0107 jak druga sk\u00f3ra, sprawd\u017a nasze wspinaczkowe legginsy bezszwowe. Idealne do wspinania, jogi, biegania, fitnessu, a tak\u017ce na co dzie\u0144. Oto kilka argument\u00f3w, dlaczego warto: KONSTRUKCJA: specjalistyczna [&hellip;]<\/p>","protected":false},"featured_media":11910,"comment_status":"open","ping_status":"closed","template":"","meta":[],"product_cat":[425,418,419,38,290,292,145,138,143,81],"product_tag":[],"_links":{"self":[{"href":"https:\/\/hastan.pl\/en\/wp-json\/wp\/v2\/product\/11412"}],"collection":[{"href":"https:\/\/hastan.pl\/en\/wp-json\/wp\/v2\/product"}],"about":[{"href":"https:\/\/hastan.pl\/en\/wp-json\/wp\/v2\/types\/product"}],"replies":[{"embeddable":true,"href":"https:\/\/hastan.pl\/en\/wp-json\/wp\/v2\/comments?post=11412"}],"wp:featuredmedia":[{"embeddable":true,"href":"https:\/\/hastan.pl\/en\/wp-json\/wp\/v2\/media\/11910"}],"wp:attachment":[{"href":"https:\/\/hastan.pl\/en\/wp-json\/wp\/v2\/media?parent=11412"}],"wp:term":[{"taxonomy":"product_cat","embeddable":true,"href":"https:\/\/hastan.pl\/en\/wp-json\/wp\/v2\/product_cat?post=11412"},{"taxonomy":"product_tag","embeddable":true,"href":"https:\/\/hastan.pl\/en\/wp-json\/wp\/v2\/product_tag?post=11412"}],"curies":[{"name":"wp","href":"https:\/\/api.w.org\/{rel}","templated":true}]}}