{"id":12285,"date":"2023-04-13T09:13:27","date_gmt":"2023-04-13T07:13:27","guid":{"rendered":"https:\/\/hastan.pl\/?post_type=product&#038;p=12285"},"modified":"2026-03-04T10:07:04","modified_gmt":"2026-03-04T09:07:04","slug":"spodnie-wspinaczkowe-damskie-la-pass","status":"publish","type":"product","link":"https:\/\/hastan.pl\/en\/product\/spodnie-wspinaczkowe-damskie-la-pass\/","title":{"rendered":"Climbing Pants Women's - La Pass"},"content":{"rendered":"<p>Leciutkie jak pi\u00f3rko spodnie wspinaczkowe z mocnej bawe\u0142na\u00a0 z dodatkiem elastanu. Obiecujemy, \u017ce poczujesz si\u0119 w nich jak w najwygodniejszych spodniach na \u015bwiecie. Idealne spodnie wspinaczkowe na lato.<\/p>\n<p>The legs of the climbing pants are finished with a delicate elastic band.<\/p>\n<p>Why is it worth:<\/p>\n<ul>\n<li>Strongly cotton with elastane<\/li>\n<li>Crotch gusset (ideal for splits)<\/li>\n<li>Darts in the knees<\/li>\n<li>4 Large and convenient pockets<\/li>\n<li>Elastic waist and additionally a string with a Hastan logo<\/li>\n<li>Entirely designed and sewn in \u0141\u00f3d\u017a<\/li>\n<li>Accessories: embroidery, tags, button, zipper all made locally in the \u0141\u00f3d\u017a area<\/li>\n<\/ul>\n<p>Yoga not in leggings? Why not! The wedge in the crotch of Hastan climbing pants will make it easier to make splits or other complicated figures.<\/p>\n<p>Works with the harness and provides pocket access.<\/p>\n<p>Pants also look great after climbing. With an ordinary T-shirt, you can boldly go to the city in them.<\/p>\n<p>Packaging - ZERO FOIL - Each climbing pants is packed in a denim bag that you can use in any way. We know from the information from our clients that it will be perfect for quickdraws, climbing shoes, and even crampons \ud83d\ude09<\/p>\n<p>Composition:<br \/>\nCotton 98%<br \/>\nElastane 2%<\/p>\n<p>&nbsp;<\/p>\n<table>\n<tbody>\n<tr>\n<td style=\"text-align: center;\" colspan=\"5\" width=\"604\"><strong>Climbing Pants Women's - La Pass<\/strong><\/td>\n<\/tr>\n<tr>\n<td width=\"121\"><\/td>\n<td style=\"text-align: center;\" width=\"121\">XS<\/td>\n<td style=\"text-align: center;\" width=\"121\">S<\/td>\n<td style=\"text-align: center;\" width=\"121\">M<\/td>\n<td style=\"text-align: center;\" width=\"121\">L<\/td>\n<\/tr>\n<tr>\n<td width=\"121\"><strong>Waist circumference*<\/strong><\/td>\n<td style=\"text-align: center;\" width=\"121\">56\/88<\/td>\n<td style=\"text-align: center;\" width=\"121\">64\/92<\/td>\n<td style=\"text-align: center;\" width=\"121\">68\/96<\/td>\n<td style=\"text-align: center;\" width=\"121\">72\/104<\/td>\n<\/tr>\n<tr>\n<td width=\"121\"><strong>Hips circumference<\/strong><\/td>\n<td style=\"text-align: center;\" width=\"121\">92<\/td>\n<td style=\"text-align: center;\" width=\"121\">96<\/td>\n<td style=\"text-align: center;\" width=\"121\">100<\/td>\n<td style=\"text-align: center;\" width=\"121\">108<\/td>\n<\/tr>\n<tr>\n<td width=\"121\"><strong>Thigh circumference<\/strong><\/td>\n<td style=\"text-align: center;\" width=\"121\">52<\/td>\n<td style=\"text-align: center;\" width=\"121\">56<\/td>\n<td style=\"text-align: center;\" width=\"121\">58<\/td>\n<td style=\"text-align: center;\" width=\"121\">60<\/td>\n<\/tr>\n<tr>\n<td width=\"121\"><strong>Length in the crotch<\/strong><\/td>\n<td style=\"text-align: center;\" width=\"121\">76<\/td>\n<td style=\"text-align: center;\" width=\"121\">76<\/td>\n<td style=\"text-align: center;\" width=\"121\">77<\/td>\n<td style=\"text-align: center;\" width=\"121\">77<\/td>\n<\/tr>\n<tr>\n<td width=\"121\"><strong>Leg length<\/strong><\/td>\n<td style=\"text-align: center;\" width=\"121\">96<\/td>\n<td style=\"text-align: center;\" width=\"121\">98<\/td>\n<td style=\"text-align: center;\" width=\"121\">100<\/td>\n<td style=\"text-align: center;\" width=\"121\">100<\/td>\n<\/tr>\n<\/tbody>\n<\/table>\n<p>* flat without stretching \/ stretched<\/p>\n<p>&nbsp;<\/p>","protected":false},"excerpt":{"rendered":"<p>Najl\u017cejsze spodnie wspinaczkowe.<\/p>","protected":false},"featured_media":12317,"comment_status":"open","ping_status":"closed","template":"","meta":[],"product_cat":[425,418,419,38,284,87,138,143],"product_tag":[],"_links":{"self":[{"href":"https:\/\/hastan.pl\/en\/wp-json\/wp\/v2\/product\/12285"}],"collection":[{"href":"https:\/\/hastan.pl\/en\/wp-json\/wp\/v2\/product"}],"about":[{"href":"https:\/\/hastan.pl\/en\/wp-json\/wp\/v2\/types\/product"}],"replies":[{"embeddable":true,"href":"https:\/\/hastan.pl\/en\/wp-json\/wp\/v2\/comments?post=12285"}],"wp:featuredmedia":[{"embeddable":true,"href":"https:\/\/hastan.pl\/en\/wp-json\/wp\/v2\/media\/12317"}],"wp:attachment":[{"href":"https:\/\/hastan.pl\/en\/wp-json\/wp\/v2\/media?parent=12285"}],"wp:term":[{"taxonomy":"product_cat","embeddable":true,"href":"https:\/\/hastan.pl\/en\/wp-json\/wp\/v2\/product_cat?post=12285"},{"taxonomy":"product_tag","embeddable":true,"href":"https:\/\/hastan.pl\/en\/wp-json\/wp\/v2\/product_tag?post=12285"}],"curies":[{"name":"wp","href":"https:\/\/api.w.org\/{rel}","templated":true}]}}