{"id":13204,"date":"2024-01-03T10:46:44","date_gmt":"2024-01-03T09:46:44","guid":{"rendered":"https:\/\/hastan.pl\/?post_type=product&#038;p=13204"},"modified":"2026-04-07T09:32:45","modified_gmt":"2026-04-07T07:32:45","slug":"spodnie-sztruksowe-damskie-pumpy-morskie","status":"publish","type":"product","link":"https:\/\/hastan.pl\/en\/product\/spodnie-sztruksowe-damskie-pumpy-morskie\/","title":{"rendered":"Spodnie sztruksowe damskie PUMPY morskie PREORDER"},"content":{"rendered":"<p><strong>PREORDER &#8211; WYSY\u0141KA 10.04.26<\/strong><\/p>\n<p>Pumpy &#8211; spodnie z wysokim stanem, podkre\u015blaj\u0105ce tali\u0119, biodra i po\u015bladki. S\u0105 na tyle uniwersalne, \u017ce mo\u017cesz si\u0119 w nich wspina\u0107, nosi\u0107 do pracy\u00a0 i gdziekolwiek chcesz. \u015awietnie wygl\u0105daj\u0105 z kr\u00f3tkimi topami i oversizowym bluzami. Pasuj\u0105 do but\u00f3w sportowych, ale te\u017c botk\u00f3w, traper\u00f3w czy letnich odkrytych but\u00f3w.<\/p>\n<p>Dlaczego warto?<\/p>\n<ul>\n<li>Uszyte z mi\u0119kkiej i elastycznej bawe\u0142ny sztruksowej<\/li>\n<li>Maj\u0105 4 wygodne kieszenie<\/li>\n<li>\u0141atwo je dopasowa\u0107 dzi\u0119ki gumie w pasie<\/li>\n<li>Zapinane na zamek i guzik<\/li>\n<li>Entirely designed and sewn in \u0141\u00f3d\u017a<\/li>\n<\/ul>\n<p>Co wi\u0119cej?<\/p>\n<p>Tkanina z Holandii przebadana na szkodliwe substancje, posiada certyfikat OEKO &#8211; TEX STANDARD 100.<br \/>\nWysy\u0142k\u0119 otrzymasz w tekturowym pude\u0142ku, a w nim bawe\u0142niany worek z r\u0119cznie stemplowanym logo Hastan oraz swoje Dzikie Gacie. Masz tak\u017ce mo\u017cliwo\u015b\u0107 zwrotu w ci\u0105gu 30 dni oraz mo\u017cliwo\u015b\u0107 bezp\u0142atnej naprawy spodni.<\/p>\n<p>Ma\u0142o?<\/p>\n<p>Hastan tworzymy my: Jagoda i Kamil. Staramy si\u0119 robi\u0107 co\u015b wi\u0119cej: ka\u017cda para Dzikich Gaci podpisana jest metk\u0105 osoby, kt\u00f3ra je uszy\u0142a. To wa\u017cne, by podkre\u015bli\u0107 jak wa\u017cny w ca\u0142ym procesie tworzenia jest dla nas cz\u0142owiek. Szyjemy tylko w \u0141odzi i znamy wszystkich osobi\u015bcie, znamy warunki pracy pa\u0144 szyj\u0105cych. Pracujemy bezpo\u015brednio ze szwalniami i polskimi tw\u00f3rcami haft\u00f3w, nadruk\u00f3w, metek, sznurk\u00f3w, guzik\u00f3w, zamk\u00f3w i opakowa\u0144. Wszystko co robimy, robimy ekologicznie. Wspieramy m\u0142odych wspinaczy w projekcie #LokalneKoksy, a tak\u017ce zawody i imprezy na \u015bciankach wspinaczkowych nagrodami i voucherami. Lubimy to co robimy.<\/p>\n<p>&nbsp;<\/p>\n<p>Composition:<br \/>\nBawe\u0142na 97%<br \/>\nElastan 3%<br \/>\nGramatura&#8221; 325 gsm<\/p>\n<p>&nbsp;<\/p>\n<table style=\"height: 373px;\" width=\"853\">\n<tbody>\n<tr>\n<td style=\"text-align: center;\" colspan=\"7\" width=\"504\"><strong>Spodnie damskie- sztruksy Pumpy<\/strong><\/td>\n<\/tr>\n<tr>\n<td width=\"121\"><\/td>\n<td style=\"text-align: center;\" width=\"121\">XS<\/td>\n<td style=\"text-align: center;\" width=\"121\">S<\/td>\n<td style=\"text-align: center;\" width=\"121\">M<\/td>\n<td style=\"text-align: center;\" width=\"121\">L<\/td>\n<\/tr>\n<tr>\n<td width=\"121\"><strong>Waist circumference*<\/strong><\/td>\n<td style=\"text-align: center;\" width=\"121\">62\/80<\/td>\n<td style=\"text-align: center;\" width=\"121\">64\/80<\/td>\n<td style=\"text-align: center;\" width=\"121\">70\/84<\/td>\n<td style=\"text-align: center;\" width=\"121\">72\/86<\/td>\n<\/tr>\n<tr>\n<td width=\"121\"><strong>Hips circumference<\/strong><\/td>\n<td style=\"text-align: center;\" width=\"121\">100<\/td>\n<td style=\"text-align: center;\" width=\"121\">103<\/td>\n<td style=\"text-align: center;\" width=\"121\">106<\/td>\n<td style=\"text-align: center;\" width=\"121\">110<\/td>\n<\/tr>\n<tr>\n<td width=\"121\"><strong>Thigh circumference<\/strong><\/td>\n<td style=\"text-align: center;\" width=\"121\">52<\/td>\n<td style=\"text-align: center;\" width=\"121\">54<\/td>\n<td style=\"text-align: center;\" width=\"121\">58<\/td>\n<td style=\"text-align: center;\" width=\"121\">60<\/td>\n<\/tr>\n<tr>\n<td width=\"121\"><strong>Length in the crotch<\/strong><\/td>\n<td style=\"text-align: center;\" width=\"121\">67<\/td>\n<td style=\"text-align: center;\" width=\"121\">69<\/td>\n<td style=\"text-align: center;\" width=\"121\">69<\/td>\n<td style=\"text-align: center;\" width=\"121\">72<\/td>\n<\/tr>\n<tr>\n<td width=\"121\"><strong>Total length<\/strong><\/td>\n<td style=\"text-align: center;\" width=\"121\">98<\/td>\n<td style=\"text-align: center;\" width=\"121\">99<\/td>\n<td style=\"text-align: center;\" width=\"121\">100<\/td>\n<td style=\"text-align: center;\" width=\"121\">102<\/td>\n<\/tr>\n<\/tbody>\n<\/table>\n<p>* flat without stretching \/ stretched<\/p>","protected":false},"excerpt":{"rendered":"<p><strong>PREORDER &#8211; WYSY\u0141KA 10.04.26<\/strong><\/p>","protected":false},"featured_media":15666,"comment_status":"open","ping_status":"closed","template":"","meta":[],"product_cat":[425,418,419,296,297,82,164,38,303,87],"product_tag":[],"_links":{"self":[{"href":"https:\/\/hastan.pl\/en\/wp-json\/wp\/v2\/product\/13204"}],"collection":[{"href":"https:\/\/hastan.pl\/en\/wp-json\/wp\/v2\/product"}],"about":[{"href":"https:\/\/hastan.pl\/en\/wp-json\/wp\/v2\/types\/product"}],"replies":[{"embeddable":true,"href":"https:\/\/hastan.pl\/en\/wp-json\/wp\/v2\/comments?post=13204"}],"wp:featuredmedia":[{"embeddable":true,"href":"https:\/\/hastan.pl\/en\/wp-json\/wp\/v2\/media\/15666"}],"wp:attachment":[{"href":"https:\/\/hastan.pl\/en\/wp-json\/wp\/v2\/media?parent=13204"}],"wp:term":[{"taxonomy":"product_cat","embeddable":true,"href":"https:\/\/hastan.pl\/en\/wp-json\/wp\/v2\/product_cat?post=13204"},{"taxonomy":"product_tag","embeddable":true,"href":"https:\/\/hastan.pl\/en\/wp-json\/wp\/v2\/product_tag?post=13204"}],"curies":[{"name":"wp","href":"https:\/\/api.w.org\/{rel}","templated":true}]}}