{"id":15051,"date":"2025-09-25T14:28:52","date_gmt":"2025-09-25T12:28:52","guid":{"rendered":"https:\/\/hastan.pl\/?post_type=product&#038;p=15051"},"modified":"2026-03-04T09:00:24","modified_gmt":"2026-03-04T08:00:24","slug":"poduszka-relaksacyjna-na-z-siemieniem-lnianym","status":"publish","type":"product","link":"https:\/\/hastan.pl\/en\/product\/poduszka-relaksacyjna-na-z-siemieniem-lnianym\/","title":{"rendered":"Poduszka relaksacyjna na oczy z siemieniem lnianym SAVASANA QUEEN"},"content":{"rendered":"<p><strong>UWAGA! KOLEKCJA TURBO LIMITOWANA!<\/strong><\/p>\n<p>Shavasana Queen\u00a0 &#8211; znasz kogo\u015b kto ni\u0105 jest? A mo\u017ce to w\u0142a\u015bnie Ty? \ud83d\ude09<\/p>\n<p>Woreczek na oczy pomo\u017ce Ci zregenerowa\u0107 cia\u0142o oraz zrelaksowa\u0107 umys\u0142. Wype\u0142niona siemieniem lnianym, kt\u00f3re ma magiczne w\u0142a\u015bciwo\u015bci:<\/p>\n<ul>\n<li>pomo\u017ce w zasypianiu<\/li>\n<li>odci\u0105\u017cy zm\u0119czone oczy<\/li>\n<li>wesprze przy b\u00f3lach g\u0142owy i migrenie<\/li>\n<li>\u0142agodzi b\u00f3le staw\u00f3w i b\u00f3le reumatyczne<\/li>\n<li>zapach lawendy dzia\u0142a koj\u0105co na zmys\u0142y<\/li>\n<\/ul>\n<p>Na b\u00f3le migrenowe lub spuchni\u0119te oczy dzia\u0142a jeszcze lepiej, gdy w\u0142o\u017cysz j\u0105 na kilka minut do lod\u00f3wki. Zanim to zrobisz zabezpiecz woreczek przed przemoczeniem, wk\u0142adaj\u0105c go do strunowej torebki.<\/p>\n<p>Siemi\u0119 lniane ma mn\u00f3stwo w\u0142a\u015bciwo\u015bci: dzia\u0142a przeciwzapalnie, przeciwbakteryjnie, \u0142agodz\u0105co, regeneruj\u0105co i wzmacniaj\u0105co. Poduszka relaksacyjna\u00a0 odci\u0105\u017cy zm\u0119czone oczy i zrelaksuje. Idealnie dopasowuje si\u0119 do oczodo\u0142\u00f3w nie pozwalaj\u0105c na dotarcie \u015bwiat\u0142a. Po kilku minutach le\u017cenia z poduszk\u0105 na oczach, organizm zacznie wytwarza\u0107 melatonin\u0119, a Ty szybciej za\u015bniesz. Dodatek lawendy dzia\u0142a uspokajaj\u0105co.<\/p>\n<p>Siemi\u0119 lniane i lawenda pochodzi od polskich rolnik\u00f3w, haft i szycie wykonano w \u0141odzi.<\/p>\n<p><strong>COMPOSITION<\/strong><br \/>\nPoszewka wewn\u0119trzna: 100% bawe\u0142na surowa, niebarwiona<br \/>\nPoszewka zewn\u0119trzna: 100% len<br \/>\nWype\u0142nienie: siemi\u0119 lniane (opcjonalnie: z dodatkiem suszonych kwiat\u00f3w lawendy)<\/p>\n<p><strong>WYMIARY:<br \/>\n<\/strong><\/p>\n<p>Waga: 400g<\/p>\n<p>&nbsp;<\/p>\n<p><strong>JAK DBA\u0106:\u00a0<\/strong><br \/>\nPierz tylko poszewk\u0119 zewn\u0119trzn\u0105, mo\u017cesz w pralce w temperaturze maksymalnie 40 stopni, prasuj w temperaturze 150 stopni, nie susz w suszarce b\u0119bnowej.<\/p>\n<p>&nbsp;<\/p>","protected":false},"excerpt":{"rendered":"<p>Poduszeczka na oczy &#8211; do relaksacji, savasany i regeneracji organizmu. Po sch\u0142odzeniu niweluje opuchlizn\u0119 wok\u00f3\u0142 oczu, b\u00f3le g\u0142owy i migren\u0119. Zapach lawendy dzia\u0142a uspokajaj\u0105co.<\/p>\n<p>Idealny prezent dla joginki.<\/p>","protected":false},"featured_media":15081,"comment_status":"open","ping_status":"closed","template":"","meta":[],"product_cat":[324,347,82,164,309],"product_tag":[315],"_links":{"self":[{"href":"https:\/\/hastan.pl\/en\/wp-json\/wp\/v2\/product\/15051"}],"collection":[{"href":"https:\/\/hastan.pl\/en\/wp-json\/wp\/v2\/product"}],"about":[{"href":"https:\/\/hastan.pl\/en\/wp-json\/wp\/v2\/types\/product"}],"replies":[{"embeddable":true,"href":"https:\/\/hastan.pl\/en\/wp-json\/wp\/v2\/comments?post=15051"}],"wp:featuredmedia":[{"embeddable":true,"href":"https:\/\/hastan.pl\/en\/wp-json\/wp\/v2\/media\/15081"}],"wp:attachment":[{"href":"https:\/\/hastan.pl\/en\/wp-json\/wp\/v2\/media?parent=15051"}],"wp:term":[{"taxonomy":"product_cat","embeddable":true,"href":"https:\/\/hastan.pl\/en\/wp-json\/wp\/v2\/product_cat?post=15051"},{"taxonomy":"product_tag","embeddable":true,"href":"https:\/\/hastan.pl\/en\/wp-json\/wp\/v2\/product_tag?post=15051"}],"curies":[{"name":"wp","href":"https:\/\/api.w.org\/{rel}","templated":true}]}}