{"id":15058,"date":"2025-09-25T15:56:20","date_gmt":"2025-09-25T13:56:20","guid":{"rendered":"https:\/\/hastan.pl\/?post_type=product&#038;p=15058"},"modified":"2026-03-25T21:32:00","modified_gmt":"2026-03-25T20:32:00","slug":"poduszka-relaksacyjna-na-oczy-z-sola-himalajska-savasana-queen","status":"publish","type":"product","link":"https:\/\/hastan.pl\/en\/product\/poduszka-relaksacyjna-na-oczy-z-sola-himalajska-savasana-queen\/","title":{"rendered":"Poduszka relaksacyjna na oczy z sol\u0105 himalajsk\u0105 SAVASANA QUEEN"},"content":{"rendered":"<p><strong>UWAGA! KOLEKCJA TURBO LIMITOWANA!<\/strong><\/p>\n<p>Savasana Queen\u00a0 &#8211; znasz kogo\u015b kto ni\u0105 jest? A mo\u017ce to w\u0142a\u015bnie Ty? \ud83d\ude09<\/p>\n<p>Woreczek na oczy pomo\u017ce Ci zregenerowa\u0107 cia\u0142o oraz zrelaksowa\u0107 umys\u0142. Wype\u0142niona r\u00f3\u017cow\u0105 sol\u0105 himalajsk\u0105, kt\u00f3re ma magiczne w\u0142a\u015bciwo\u015bci:<\/p>\n<ul>\n<li>pomo\u017ce w zasypianiu<\/li>\n<li>pomo\u017ce usun\u0105\u0107 napi\u0119cie oraz stres<\/li>\n<li>odci\u0105\u017cy zm\u0119czone oczy<\/li>\n<li>wesprze przy b\u00f3lach g\u0142owy i migrenie<\/li>\n<li>wesprze w zapaleniu zatok, przezi\u0119bieniu i katarze<\/li>\n<li>\u0142agodzi b\u00f3le staw\u00f3w i b\u00f3le reumatyczne<\/li>\n<li>zapach lawendy dzia\u0142a koj\u0105co na zmys\u0142y<\/li>\n<\/ul>\n<p>Na b\u00f3le migrenowe lub spuchni\u0119te oczy dzia\u0142a jeszcze lepiej, gdy w\u0142o\u017cysz j\u0105 na kilka minut do lod\u00f3wki. Zanim to zrobisz zabezpiecz woreczek przed przemoczeniem, wk\u0142adaj\u0105c go do strunowej torebki.<\/p>\n<p>S\u00f3l himalajska ma mn\u00f3stwo w\u0142a\u015bciwo\u015bci: \u00a0s\u00f3l wykazuje dzia\u0142anie odtruwaj\u0105ce, oczyszczaj\u0105ce z substancji toksycznych i przeciwb\u00f3lowe. Mo\u017cna korzysta\u0107 z niej do relaksacji.\u00a0 Idealnie dopasowuje si\u0119 do oczodo\u0142\u00f3w nie pozwalaj\u0105c na dotarcie \u015bwiat\u0142a. Po kilku minutach le\u017cenia z poduszk\u0105 na oczach, organizm zacznie wytwarza\u0107 melatonin\u0119, a Ty szybciej za\u015bniesz. Dodatek lawendy dzia\u0142a uspokajaj\u0105co.<\/p>\n<p>Haft i szycie wykonano w \u0141odzi zgodnie z zasad\u0105 zero waste.<\/p>\n<p>&nbsp;<\/p>\n<h3><strong>PODGRZEWANIE PODUSZKI:<\/strong><\/h3>\n<p>OPCJA 1: Po\u0142\u00f3\u017c poduszk\u0119 z sol\u0105 na <em>czystym grzejniku<\/em> i pozostaw na tak d\u0142ugo, a\u017c uznasz, \u017ce poduszka jest wystarczaj\u0105co rozgrzana.<\/p>\n<p><em>OPCJA 2: <\/em> Rozgrzej piekarnik do maksymalnie 100\u00b0C. Zdejmij lnian\u0105 poszewk\u0119 zewn\u0119trzn\u0105 i umie\u015b\u0107 poduszk\u0119 w czystym naczyniu \u017caroodpornym.\u00a0 W\u0142\u00f3\u017c poduszk\u0119 w naczyniu do \u015brodka piekarnika w centralnej jego cz\u0119\u015bci. Podgrzewaj poduszk\u0119 przez 15-20 minut. Po wyj\u0119ciu z piekarnika za\u0142\u00f3\u017c poszewk\u0119 lnian\u0105.<\/p>\n<p><em>OPCJA 3: <\/em>\u00a0Zdejmij lnian\u0105 poszewk\u0119 zewn\u0119trzn\u0105 i w\u0142\u00f3\u017c poduszk\u0119 do czystego naczynia. W\u0142\u00f3\u017c naczynie z poduszk\u0105 do mikrofali. Podgrzewaj przez oko\u0142o 1-2 minuty w maksymalnej mocy 600 W.<\/p>\n<p><strong>Zachowaj szczeg\u00f3ln\u0105 ostro\u017cno\u015b\u0107 przy dzieciach.<\/strong><\/p>\n<h3><strong>CH\u0141ODZENIE PODUSZKI:\u00a0<\/strong><\/h3>\n<p>Do sch\u0142odzenia poduszki wykorzystaj czysty pojemnik lub torebk\u0119 strunow\u0105. Bardzo wa\u017cne jest, \u017ceby szczelnie zamkn\u0105\u0107 pojemnik lub torebk\u0119, by nie dopu\u015bci\u0107 do zamoczenia lub nasi\u0105kni\u0119cia wilgoci przez poduszk\u0119. W lod\u00f3wce trzymaj poduszk\u0119 oko\u0142o godziny, w zamra\u017carce oko\u0142o 30 minut.<\/p>\n<p><strong>COMPOSITION<\/strong><br \/>\nPoszewka wewn\u0119trzna: 100% bawe\u0142na surowa, niebarwiona<br \/>\nPoszewka zewn\u0119trzna: 100% len<br \/>\nWype\u0142nienie: siemi\u0119 lniane (opcjonalnie: z dodatkiem suszonych kwiat\u00f3w lawendy)<\/p>\n<p><strong>WYMIARY:<br \/>\n<\/strong><\/p>\n<p>Waga: 400g<\/p>\n<p>&nbsp;<\/p>\n<p><strong>JAK DBA\u0106:\u00a0<\/strong><br \/>\n<strong>Pierz tylko poszewk\u0119 zewn\u0119trzn\u0105<\/strong>, mo\u017cesz w pralce w temperaturze maksymalnie 40 stopni, prasuj w temperaturze 150 stopni, nie susz w suszarce b\u0119bnowej. <strong>Nie wolno pra\u0107 poszewki z sol\u0105.<\/strong><\/p>\n<p>&nbsp;<\/p>","protected":false},"excerpt":{"rendered":"<p>Poduszeczka na oczy &#8211; do relaksacji, savasany i regeneracji organizmu. Po sch\u0142odzeniu niweluje opuchlizn\u0119 wok\u00f3\u0142 oczu, b\u00f3le g\u0142owy i migren\u0119. Zapach lawendy dzia\u0142a uspokajaj\u0105co.<\/p>\n<p>Idealny prezent dla joginki.<\/p>","protected":false},"featured_media":15084,"comment_status":"open","ping_status":"closed","template":"","meta":[],"product_cat":[324,347,82,164,309],"product_tag":[353,315,355,354,352],"_links":{"self":[{"href":"https:\/\/hastan.pl\/en\/wp-json\/wp\/v2\/product\/15058"}],"collection":[{"href":"https:\/\/hastan.pl\/en\/wp-json\/wp\/v2\/product"}],"about":[{"href":"https:\/\/hastan.pl\/en\/wp-json\/wp\/v2\/types\/product"}],"replies":[{"embeddable":true,"href":"https:\/\/hastan.pl\/en\/wp-json\/wp\/v2\/comments?post=15058"}],"wp:featuredmedia":[{"embeddable":true,"href":"https:\/\/hastan.pl\/en\/wp-json\/wp\/v2\/media\/15084"}],"wp:attachment":[{"href":"https:\/\/hastan.pl\/en\/wp-json\/wp\/v2\/media?parent=15058"}],"wp:term":[{"taxonomy":"product_cat","embeddable":true,"href":"https:\/\/hastan.pl\/en\/wp-json\/wp\/v2\/product_cat?post=15058"},{"taxonomy":"product_tag","embeddable":true,"href":"https:\/\/hastan.pl\/en\/wp-json\/wp\/v2\/product_tag?post=15058"}],"curies":[{"name":"wp","href":"https:\/\/api.w.org\/{rel}","templated":true}]}}