{"id":15538,"date":"2026-02-02T12:39:48","date_gmt":"2026-02-02T11:39:48","guid":{"rendered":"https:\/\/hastan.pl\/?post_type=product&#038;p=15538"},"modified":"2026-03-04T09:50:02","modified_gmt":"2026-03-04T08:50:02","slug":"bluza-camp","status":"publish","type":"product","link":"https:\/\/hastan.pl\/en\/product\/bluza-camp\/","title":{"rendered":"Bluza CAMP"},"content":{"rendered":"<p>Bluza CAMP w kolorze czekoladowego br\u0105zu to klasyka &#8211; minimalistyczna i basicowa, pasuj\u0105ca do wszystkiego. Zaprojektowali\u015bmy lu\u017any, wygodny kr\u00f3j z obni\u017con\u0105 lini\u0105 ramion i\u00a0 dwuwarstwowym kapturem &#8211; to wszystko sprawdzi si\u0119 w ska\u0142ach, g\u00f3rach, nad jeziorem i morzem. Wykonana z 90%\u00a0 bawe\u0142ny i 10% poliestru o gramaturze 310 g, dres\u00f3wka p\u0119telka (bez misia w \u015brodku).<br \/>\nNa r\u0119kawie ma\u0142y haft CAMP, kt\u00f3ry dodaje delikatnie charakteru i podkre\u015bla styl \u017cycia w\u0142a\u015bciciela \ud83d\ude09<\/p>\n<p>Obszerny kaptur dodaje komfortu, a kiesze\u0144 kangurka zmie\u015bci zmarzni\u0119te d\u0142onie lub codzienne drobiazgi.\u00a0 Bluza zosta\u0142a wyko\u0144czona \u015bci\u0105gaczami, kt\u00f3re zapewniaj\u0105 lepsze dopasowanie.<\/p>\n<p><strong>INNE WYJ\u0104TKOWO\u015aCI:<\/strong><\/p>\n<ul>\n<li>Bluza uszyta z najwy\u017csz\u0105 staranno\u015bci\u0105 w pabianickiej szwalni<\/li>\n<li>Dopracowany i wygodny kr\u00f3j<\/li>\n<li>Pojemne\u00a0 kieszenie kangurka<\/li>\n<li>Zapakowane w bawe\u0142niany worek<\/li>\n<li>Wysy\u0142ane w kartonie z tektury<\/li>\n<\/ul>\n<p><strong>COMPOSITION<\/strong><br \/>\n90% bawe\u0142na, 10% poliester, gramatura 310g<br \/>\nJagoda ma na sobie rozmiar S<\/p>\n<p><strong>JAK DBA\u0106:\u00a0<\/strong><br \/>\nPierz w delikatnych detergentach, przeznaczonych do prania bawe\u0142ny w temperaturze maks 40 stopni.<\/p>\n<p>&nbsp;<\/p>\n<p>&nbsp;<\/p>\n<p>&nbsp;<\/p>\n<p>&nbsp;<\/p>\n<p>&nbsp;<\/p>","protected":false},"excerpt":{"rendered":"<p><strong>Bluza dresowa CAMP w kolorze czekoladowego br\u0105zu z minimalistycznym haftem.<br \/>\nUszyta w Polsce.<\/strong><\/p>\n<p>&nbsp;<\/p>","protected":false},"featured_media":15548,"comment_status":"open","ping_status":"closed","template":"","meta":[],"product_cat":[424,422,420,418,419,82,164],"product_tag":[383,399,400,401,402],"_links":{"self":[{"href":"https:\/\/hastan.pl\/en\/wp-json\/wp\/v2\/product\/15538"}],"collection":[{"href":"https:\/\/hastan.pl\/en\/wp-json\/wp\/v2\/product"}],"about":[{"href":"https:\/\/hastan.pl\/en\/wp-json\/wp\/v2\/types\/product"}],"replies":[{"embeddable":true,"href":"https:\/\/hastan.pl\/en\/wp-json\/wp\/v2\/comments?post=15538"}],"wp:featuredmedia":[{"embeddable":true,"href":"https:\/\/hastan.pl\/en\/wp-json\/wp\/v2\/media\/15548"}],"wp:attachment":[{"href":"https:\/\/hastan.pl\/en\/wp-json\/wp\/v2\/media?parent=15538"}],"wp:term":[{"taxonomy":"product_cat","embeddable":true,"href":"https:\/\/hastan.pl\/en\/wp-json\/wp\/v2\/product_cat?post=15538"},{"taxonomy":"product_tag","embeddable":true,"href":"https:\/\/hastan.pl\/en\/wp-json\/wp\/v2\/product_tag?post=15538"}],"curies":[{"name":"wp","href":"https:\/\/api.w.org\/{rel}","templated":true}]}}