{"id":15550,"date":"2026-02-02T13:15:46","date_gmt":"2026-02-02T12:15:46","guid":{"rendered":"https:\/\/hastan.pl\/?post_type=product&#038;p=15550"},"modified":"2026-03-04T09:49:41","modified_gmt":"2026-03-04T08:49:41","slug":"spodnie-dresowe-van","status":"publish","type":"product","link":"https:\/\/hastan.pl\/en\/product\/spodnie-dresowe-van\/","title":{"rendered":"Spodnie dresowe VAN"},"content":{"rendered":"<p>Spodnie VAN w kolorze czekoladowego br\u0105zu to klasyka &#8211; minimalistyczne i basicowe, pasuj\u0105ce do wszystkiego. Zaprojektowali\u015bmy lu\u017any, wygodny kr\u00f3j z prostymi nogawkami bez \u015bci\u0105gaczy &#8211; to wszystko sprawdzi si\u0119 w ska\u0142ach, g\u00f3rach, nad jeziorem i morzem. Wykonane z 90%\u00a0 bawe\u0142ny i 10% poliestru o gramaturze 310 g, dres\u00f3wka p\u0119telka<br \/>\n(bez misia w \u015brodku). <span dir=\"auto\">Materia\u0142 z certyfikatem OEKO-TEX STANDARD 100.<\/span><br \/>\nPrzy kieszeni ma\u0142y haft VAN, kt\u00f3ry dodaje delikatnie charakteru i podkre\u015bla styl \u017cycia w\u0142a\u015bciciela ;)Komfortowa gumka w pasie i bawe\u0142niany sznurek, pojemne boczne kieszenie.<\/p>\n<p><span dir=\"auto\">Zaprojektowano i uszyto w 100% w Polsce.<\/span><\/p>\n<p><strong>INNE WYJ\u0104TKOWO\u015aCI:<\/strong><\/p>\n<ul>\n<li>Spodnie uszyte z najwy\u017csz\u0105 staranno\u015bci\u0105 w pabianickiej szwalni<\/li>\n<li>Dopracowany i wygodny kr\u00f3j<\/li>\n<li>Pojemne\u00a0 kieszenie<\/li>\n<li>Zapakowane w bawe\u0142niany worek<\/li>\n<li>Wysy\u0142ane w kartonie z tektury<\/li>\n<\/ul>\n<p><strong>COMPOSITION<\/strong><br \/>\n90% bawe\u0142na, 10% poliester, gramatura 310g<br \/>\nJagoda ma na sobie rozmiar S<\/p>\n<p><strong>JAK DBA\u0106:\u00a0<\/strong><br \/>\nPierz w delikatnych detergentach, przeznaczonych do prania bawe\u0142ny w temperaturze maks 40 stopni.<\/p>\n<p>&nbsp;<\/p>\n<p>&nbsp;<\/p>\n<p>&nbsp;<\/p>\n<p>&nbsp;<\/p>\n<p>&nbsp;<\/p>","protected":false},"excerpt":{"rendered":"<p><strong>Spodnie dresowe VAN w kolorze czekoladowego br\u0105zu z minimalistycznym haftem.<br \/>\nUszyte w Polsce.<\/strong><\/p>\n<p>&nbsp;<\/p>","protected":false},"featured_media":15558,"comment_status":"open","ping_status":"closed","template":"","meta":[],"product_cat":[423,425,420,418,419,82,164],"product_tag":[383,399,407,400,401,402,406,404,405],"_links":{"self":[{"href":"https:\/\/hastan.pl\/en\/wp-json\/wp\/v2\/product\/15550"}],"collection":[{"href":"https:\/\/hastan.pl\/en\/wp-json\/wp\/v2\/product"}],"about":[{"href":"https:\/\/hastan.pl\/en\/wp-json\/wp\/v2\/types\/product"}],"replies":[{"embeddable":true,"href":"https:\/\/hastan.pl\/en\/wp-json\/wp\/v2\/comments?post=15550"}],"wp:featuredmedia":[{"embeddable":true,"href":"https:\/\/hastan.pl\/en\/wp-json\/wp\/v2\/media\/15558"}],"wp:attachment":[{"href":"https:\/\/hastan.pl\/en\/wp-json\/wp\/v2\/media?parent=15550"}],"wp:term":[{"taxonomy":"product_cat","embeddable":true,"href":"https:\/\/hastan.pl\/en\/wp-json\/wp\/v2\/product_cat?post=15550"},{"taxonomy":"product_tag","embeddable":true,"href":"https:\/\/hastan.pl\/en\/wp-json\/wp\/v2\/product_tag?post=15550"}],"curies":[{"name":"wp","href":"https:\/\/api.w.org\/{rel}","templated":true}]}}