{"id":3933,"date":"2021-01-16T10:26:36","date_gmt":"2021-01-16T09:26:36","guid":{"rendered":"http:\/\/serwer76064.lh.pl\/?post_type=product&#038;p=3933"},"modified":"2026-03-31T21:52:20","modified_gmt":"2026-03-31T19:52:20","slug":"oliffki-zielone-damskie","status":"publish","type":"product","link":"https:\/\/hastan.pl\/en\/product\/oliffki-zielone-damskie\/","title":{"rendered":"Climbing Pants Women's - Green Olives"},"content":{"rendered":"<p>Stonowany model w stylu miejskich boj\u00f3wek. Niezwykle mocna bawe\u0142na z dodatkiem elastanu sprawi, \u017ce spodnie znios\u0105 wiele. Naturalna tkanina nie powoduj\u0105ca obtar\u0107 czy reakcji alergicznych zadowoli najbardziej wymagaj\u0105cego klienta.<\/p>\n<p>The legs of the climbing pants are finished with a delicate elastic band.<\/p>\n<p>Why is it worth:<\/p>\n<ul>\n<li>Crotch gusset (ideal for splits)<\/li>\n<li>Darts in the knees<\/li>\n<li>4 Large and convenient pockets<\/li>\n<li>Elastic waist and additionally a string with a Hastan logo<\/li>\n<li>Entirely designed and sewn in \u0141\u00f3d\u017a<\/li>\n<li>Accessories: embroidery, tags, button, zipper all made locally in the \u0141\u00f3d\u017a area<\/li>\n<\/ul>\n<p>Yoga not in leggings? Why not! The wedge in the crotch of Hastan climbing pants will make it easier to make splits or other complicated figures.<\/p>\n<p>Works with the harness and provides pocket access.<\/p>\n<p>Pants also look great after climbing. With an ordinary T-shirt, you can boldly go to the city in them.<\/p>\n<p>Packaging - ZERO FOIL - Each climbing pants is packed in a denim bag that you can use in any way. We know from the information from our clients that it will be perfect for quickdraws, climbing shoes, and even crampons \ud83d\ude09<\/p>\n<p>Composition:<br \/>\nCotton 98%<br \/>\nElastane 2%<\/p>\n<table style=\"height: 373px;\" width=\"853\">\n<tbody>\n<tr>\n<td style=\"text-align: center;\" colspan=\"5\" width=\"504\"><strong>Women&#039;s pants<\/strong><\/td>\n<\/tr>\n<tr>\n<td width=\"121\"><\/td>\n<td style=\"text-align: center;\" width=\"121\">XS<\/td>\n<td style=\"text-align: center;\" width=\"121\">S<\/td>\n<td style=\"text-align: center;\" width=\"121\">M<\/td>\n<td style=\"text-align: center;\" width=\"121\">L<\/td>\n<\/tr>\n<tr>\n<td width=\"121\"><strong>Waist circumference*<\/strong><\/td>\n<td style=\"text-align: center;\" width=\"121\">54\/88<\/td>\n<td style=\"text-align: center;\" width=\"121\">60\/94<\/td>\n<td style=\"text-align: center;\" width=\"121\">64\/98<\/td>\n<td style=\"text-align: center;\" width=\"121\">68\/102<\/td>\n<\/tr>\n<tr>\n<td width=\"121\"><strong>Hips circumference<\/strong><\/td>\n<td style=\"text-align: center;\" width=\"121\">90<\/td>\n<td style=\"text-align: center;\" width=\"121\">98<\/td>\n<td style=\"text-align: center;\" width=\"121\">102<\/td>\n<td style=\"text-align: center;\" width=\"121\">108<\/td>\n<\/tr>\n<tr>\n<td width=\"121\"><strong>Thigh circumference<\/strong><\/td>\n<td style=\"text-align: center;\" width=\"121\">48<\/td>\n<td style=\"text-align: center;\" width=\"121\">52<\/td>\n<td style=\"text-align: center;\" width=\"121\">54<\/td>\n<td style=\"text-align: center;\" width=\"121\">58<\/td>\n<\/tr>\n<tr>\n<td width=\"121\"><strong>Length in the crotch<\/strong><\/td>\n<td style=\"text-align: center;\" width=\"121\">71<\/td>\n<td style=\"text-align: center;\" width=\"121\">74<\/td>\n<td style=\"text-align: center;\" width=\"121\">75<\/td>\n<td style=\"text-align: center;\" width=\"121\">75<\/td>\n<\/tr>\n<tr>\n<td width=\"121\"><strong>Leg length<\/strong><\/td>\n<td style=\"text-align: center;\" width=\"121\">90<\/td>\n<td style=\"text-align: center;\" width=\"121\">94<\/td>\n<td style=\"text-align: center;\" width=\"121\">95<\/td>\n<td style=\"text-align: center;\" width=\"121\">96<\/td>\n<\/tr>\n<\/tbody>\n<\/table>\n<p>* flat without stretching \/ stretched<br \/>\nAll dimensions are  in centimeters.<\/p>\n<p>Zobacz inne modele spodni wspinaczkowych:<\/p>\n<ul>\n<li><a href=\"https:\/\/hastan.pl\/en\/product\/spodnie-wspinaczkowe-damskie-puzzleroz\/\">Spodnie wspinaczkowe damskie Puzzle R\u00f3\u017cowe<\/a><\/li>\n<li><a href=\"https:\/\/hastan.pl\/en\/product\/oliffki-czarne-damskie\/\">Spodnie wspinaczkowe damskie Oliffki Czarne<\/a><\/li>\n<\/ul>\n<p>What about the top? Climbing sweatshirts will be perfect for autumn chill:<\/p>\n<ul>\n<li><a href=\"https:\/\/hastan.pl\/en\/product\/bluza-lila-las-unisex\/\">Lila Las climbing sweatshirt<\/a><\/li>\n<li><a href=\"https:\/\/hastan.pl\/en\/produkt\/bluza-miod-zwierzyna-unisex\/\">Honey Game Climbing Sweatshirt<\/a><\/li>\n<\/ul>","protected":false},"excerpt":{"rendered":"<p>Stonowany model w stylu miejskich boj\u00f3wek. Niezwykle mocna bawe\u0142na z dodatkiem elastanu sprawi, \u017ce spodnie znios\u0105 wiele. Naturalna tkanina nie powoduj\u0105ca obtar\u0107 czy reakcji alergicznych zadowoli najbardziej wymagaj\u0105cego klienta. Nogawki spodni wspinaczkowych wyko\u0144czyli\u015bmy delikatn\u0105 gumk\u0105 Dlaczego warto: Klin w kroku (idealne do szpagat\u00f3w) Zaszewki w kolanach 4 Du\u017ce i wygodne kieszenie Guma w pasie i [&hellip;]<\/p>","protected":false},"featured_media":11991,"comment_status":"open","ping_status":"closed","template":"","meta":[],"product_cat":[425,418,419,296,297,38,281,87],"product_tag":[],"_links":{"self":[{"href":"https:\/\/hastan.pl\/en\/wp-json\/wp\/v2\/product\/3933"}],"collection":[{"href":"https:\/\/hastan.pl\/en\/wp-json\/wp\/v2\/product"}],"about":[{"href":"https:\/\/hastan.pl\/en\/wp-json\/wp\/v2\/types\/product"}],"replies":[{"embeddable":true,"href":"https:\/\/hastan.pl\/en\/wp-json\/wp\/v2\/comments?post=3933"}],"wp:featuredmedia":[{"embeddable":true,"href":"https:\/\/hastan.pl\/en\/wp-json\/wp\/v2\/media\/11991"}],"wp:attachment":[{"href":"https:\/\/hastan.pl\/en\/wp-json\/wp\/v2\/media?parent=3933"}],"wp:term":[{"taxonomy":"product_cat","embeddable":true,"href":"https:\/\/hastan.pl\/en\/wp-json\/wp\/v2\/product_cat?post=3933"},{"taxonomy":"product_tag","embeddable":true,"href":"https:\/\/hastan.pl\/en\/wp-json\/wp\/v2\/product_tag?post=3933"}],"curies":[{"name":"wp","href":"https:\/\/api.w.org\/{rel}","templated":true}]}}