{"id":5663,"date":"2021-09-16T19:50:45","date_gmt":"2021-09-16T17:50:45","guid":{"rendered":"https:\/\/hastan.pl\/?post_type=product&#038;p=5663"},"modified":"2026-04-08T17:35:57","modified_gmt":"2026-04-08T15:35:57","slug":"spodnie-wspinaczkowe-meskie-czarnodzieje","status":"publish","type":"product","link":"https:\/\/hastan.pl\/en\/product\/spodnie-wspinaczkowe-meskie-czarnodzieje\/","title":{"rendered":"Climbing Pants Men's - Sorcerers with shoe wipers"},"content":{"rendered":"<p>Czarnodzieje &#8211; maj\u0105 w sobie co\u015b magicznego i bardzo szybko skrad\u0142y serca wspinaczy w Polsce i za granic\u0105. S\u0105 wygodne i wygl\u0105daj\u0105 po prostu dobrze zar\u00f3wno w skale jak i w pracy. Cenimy naturaln\u0105 bawe\u0142n\u0119, poniewa\u017c nie powoduje obtar\u0107 czy reakcji alergicznych. Za wszelk\u0105 cen\u0119 unikamy plastiku wewn\u0105trz tkaniny jak i na zewn\u0105trz.<\/p>\n<p>Jedyne w swoim rodzaju spodnie wspinaczkowe ze specjaln\u0105 stref\u0105 do wycierania but\u00f3w wspinaczkowych w okolicy kostki. Strefa wykonana z niezwykle trwa\u0142ego materia\u0142u, kt\u00f3ry szybko i skutecznie zbiera piasek b\u0142oto i inne zanieczyszczenia z but\u00f3w.<\/p>\n<p>Why is it worth:<\/p>\n<ul>\n<li>Crotch gusset (ideal for splits)<\/li>\n<li>Darts in the knees<\/li>\n<li>4 Large and convenient pockets<\/li>\n<li>Elastic waistband and drawstring<\/li>\n<li>Entirely designed and sewn in \u0141\u00f3d\u017a<\/li>\n<li>Accessories: embroidery, tags, button, zipper all made locally in the \u0141\u00f3d\u017a area<\/li>\n<\/ul>\n<p>Co wi\u0119cej?<\/p>\n<p>Spodnie wsp\u00f3\u0142pracuj\u0105 z uprz\u0119\u017c\u0105 i zapewniaj\u0105 dost\u0119p do kieszeni. Wysy\u0142k\u0119 otrzymasz w tekturowym pude\u0142ku, a w nim bawe\u0142niany worek z r\u0119cznie stemplowanym logo Hastan oraz swoje Dzikie Gacie. Masz tak\u017ce mo\u017cliwo\u015b\u0107 zwrotu w ci\u0105gu 30 dni oraz mo\u017cliwo\u015b\u0107 bezp\u0142atnej naprawy spodni.<\/p>\n<p>Ma\u0142o?<\/p>\n<p>Hastan tworzymy my: Jagoda i Kamil. Staramy si\u0119 robi\u0107 co\u015b wi\u0119cej: ka\u017cda para Dzikich Gaci podpisana jest metk\u0105 osoby, kt\u00f3ra je uszy\u0142a. To wa\u017cne, by podkre\u015bli\u0107 jak wa\u017cny w ca\u0142ym procesie tworzenia jest dla nas cz\u0142owiek. Szyjemy tylko w \u0141odzi i znamy wszystkich osobi\u015bcie, znamy warunki pracy pa\u0144 szyj\u0105cych. Pracujemy bezpo\u015brednio ze szwalniami i polskimi tw\u00f3rcami haft\u00f3w, nadruk\u00f3w, metek, sznurk\u00f3w, guzik\u00f3w, zamk\u00f3w i opakowa\u0144. Wszystko co robimy, robimy ekologicznie. Wspieramy m\u0142odych wspinaczy w projekcie #LokalneKoksy, a tak\u017ce zawody i imprezy na \u015bciankach wspinaczkowych nagrodami i voucherami. Lubimy to co robimy.<\/p>\n<p>&nbsp;<\/p>\n<p>Composition:<br \/>\nCotton 98%<br \/>\nElastane 2%<\/p>\n<table style=\"height: 373px;\" width=\"800\">\n<tbody>\n<tr>\n<td style=\"text-align: center;\" colspan=\"8\" width=\"504\"><strong>Climbing Pants\u00a0<\/strong><b>Sorcerers<\/b><\/td>\n<\/tr>\n<tr>\n<td width=\"100\"><\/td>\n<td style=\"text-align: center;\" width=\"121\">S<\/td>\n<td style=\"text-align: center;\" width=\"121\">S-LONG<\/td>\n<td style=\"text-align: center;\" width=\"121\">M<\/td>\n<td style=\"text-align: center;\" width=\"121\">M-LONG<\/td>\n<td style=\"text-align: center;\" width=\"121\">L<\/td>\n<td style=\"text-align: center;\" width=\"121\">L-LONG<\/td>\n<td style=\"text-align: center;\" width=\"121\">XL<\/td>\n<\/tr>\n<tr>\n<td width=\"100\"><strong>Waist circumference*<\/strong><\/td>\n<td style=\"text-align: center;\" width=\"121\">74\/92<\/td>\n<td style=\"text-align: center;\" width=\"121\">68\/92<\/td>\n<td style=\"text-align: center;\" width=\"121\">76\/94<\/td>\n<td style=\"text-align: center;\" width=\"121\">76\/98<\/td>\n<td style=\"text-align: center;\" width=\"121\">82\/100<\/td>\n<td style=\"text-align: center;\" width=\"121\">80\/104<\/td>\n<td style=\"text-align: center;\" width=\"121\">84\/106<\/td>\n<\/tr>\n<tr>\n<td width=\"100\"><strong>Thigh circumference<\/strong><\/td>\n<td style=\"text-align: center;\" width=\"121\">56<\/td>\n<td style=\"text-align: center;\" width=\"121\">56<\/td>\n<td style=\"text-align: center;\" width=\"121\">60<\/td>\n<td style=\"text-align: center;\" width=\"121\">60<\/td>\n<td style=\"text-align: center;\" width=\"121\">62<\/td>\n<td style=\"text-align: center;\" width=\"121\">62<\/td>\n<td style=\"text-align: center;\" width=\"121\">64<\/td>\n<\/tr>\n<tr>\n<td width=\"100\"><strong>Length in the crotch<\/strong><\/td>\n<td style=\"text-align: center;\" width=\"121\">79<\/td>\n<td style=\"text-align: center;\" width=\"121\">85<\/td>\n<td style=\"text-align: center;\" width=\"121\">80<\/td>\n<td style=\"text-align: center;\" width=\"121\">86<\/td>\n<td style=\"text-align: center;\" width=\"121\">81<\/td>\n<td style=\"text-align: center;\" width=\"121\">87<\/td>\n<td style=\"text-align: center;\" width=\"121\">83<\/td>\n<\/tr>\n<tr>\n<td width=\"100\"><strong>Leg length<\/strong><\/td>\n<td style=\"text-align: center;\" width=\"121\">102<\/td>\n<td style=\"text-align: center;\" width=\"121\">108<\/td>\n<td style=\"text-align: center;\" width=\"121\">103<\/td>\n<td style=\"text-align: center;\" width=\"121\">109<\/td>\n<td style=\"text-align: center;\" width=\"121\">105<\/td>\n<td style=\"text-align: center;\" width=\"121\">111<\/td>\n<td style=\"text-align: center;\" width=\"121\">107<\/td>\n<\/tr>\n<\/tbody>\n<\/table>\n<p>* flat without stretching \/ stretched<\/p>\n<p>&nbsp;<\/p>\n<p>See other models of climbing pants from the latest collection:<\/p>\n<ul>\n<li><a href=\"https:\/\/hastan.pl\/en\/produkt\/spodnie-wspinaczkowe-meskie-misumena\/\">Misumena men&#039;s climbing pants<\/a><\/li>\n<li><a href=\"https:\/\/hastan.pl\/en\/produkt\/spodnie-wspinaczkowe-meskie-dizon\/\">Di\u017con men&#039;s climbing pants<\/a><\/li>\n<\/ul>\n<p>What about the top? Climbing sweatshirts will be perfect for autumn chill:<\/p>\n<ul>\n<li><a href=\"https:\/\/hastan.pl\/en\/product\/bluza-lila-las-unisex\/\">Lila Las climbing sweatshirt<\/a><\/li>\n<li><a href=\"https:\/\/hastan.pl\/en\/produkt\/bluza-miod-zwierzyna-unisex\/\">Honey Game Climbing Sweatshirt<\/a><\/li>\n<\/ul>","protected":false},"excerpt":{"rendered":"<p>Pants with shoe wipers<\/p>","protected":false},"featured_media":11600,"comment_status":"open","ping_status":"closed","template":"","meta":[],"product_cat":[409,410,296,298,82,163,416,44,279,89],"product_tag":[],"_links":{"self":[{"href":"https:\/\/hastan.pl\/en\/wp-json\/wp\/v2\/product\/5663"}],"collection":[{"href":"https:\/\/hastan.pl\/en\/wp-json\/wp\/v2\/product"}],"about":[{"href":"https:\/\/hastan.pl\/en\/wp-json\/wp\/v2\/types\/product"}],"replies":[{"embeddable":true,"href":"https:\/\/hastan.pl\/en\/wp-json\/wp\/v2\/comments?post=5663"}],"wp:featuredmedia":[{"embeddable":true,"href":"https:\/\/hastan.pl\/en\/wp-json\/wp\/v2\/media\/11600"}],"wp:attachment":[{"href":"https:\/\/hastan.pl\/en\/wp-json\/wp\/v2\/media?parent=5663"}],"wp:term":[{"taxonomy":"product_cat","embeddable":true,"href":"https:\/\/hastan.pl\/en\/wp-json\/wp\/v2\/product_cat?post=5663"},{"taxonomy":"product_tag","embeddable":true,"href":"https:\/\/hastan.pl\/en\/wp-json\/wp\/v2\/product_tag?post=5663"}],"curies":[{"name":"wp","href":"https:\/\/api.w.org\/{rel}","templated":true}]}}