{"id":6125,"date":"2021-11-15T13:26:06","date_gmt":"2021-11-15T12:26:06","guid":{"rendered":"https:\/\/hastan.pl\/?post_type=product&#038;p=6125"},"modified":"2026-02-10T08:47:29","modified_gmt":"2026-02-10T07:47:29","slug":"karta-podarunkowa-czarno-bialy-bilet-do-barwnego-swiata-hastana","status":"publish","type":"product","link":"https:\/\/hastan.pl\/en\/product\/karta-podarunkowa-czarno-bialy-bilet-do-barwnego-swiata-hastana\/","title":{"rendered":"Gift card"},"content":{"rendered":"<p>Karta podarunkowa &#8211; czarno bia\u0142y bilet do barwnego \u015bwiata Hastana.<\/p>\n<p>Kart\u0119 podarunkow\u0105 mo\u017cesz zam\u00f3wi\u0107 w dw\u00f3ch wersjach:<\/p>\n<ol>\n<li>Kart\u0119 online, kt\u00f3r\u0105 wy\u015blemy dla Ciebie mailem. Przy tej opcji, kliknij w koszyku &#8222;Mail&#8221;<\/li>\n<li>Kart\u0119 drukowan\u0105 w eleganckim opakowaniu, kt\u00f3r\u0105 wy\u015blemy na wskazany adres korespondencyjny.<\/li>\n<\/ol>\n<p>Obie wersje mo\u017cemy uzupe\u0142ni\u0107 tre\u015bci\u0105 wskazan\u0105 przez Ciebie. Nadamy te\u017c uniwersalny kod do jednorazowego wykorzystania z dat\u0105 wa\u017cno\u015bci.<\/p>\n<p>Kod na karcie podarunkowej dotyczy ca\u0142ego asortymentu.<\/p>\n<p>&nbsp;<\/p>\n<p>&nbsp;<\/p>","protected":false},"excerpt":{"rendered":"<p>Karta podarunkowa &#8211; czarno bia\u0142y bilet do barwnego \u015bwiata Hastana. Kart\u0119 podarunkow\u0105 mo\u017cesz zam\u00f3wi\u0107 w dw\u00f3ch wersjach: Kart\u0119 online, kt\u00f3r\u0105 wy\u015blemy dla Ciebie mailem. Przy tej opcji, kliknij w koszyku &#8222;Mail&#8221; Kart\u0119 drukowan\u0105 w eleganckim opakowaniu, kt\u00f3r\u0105 wy\u015blemy na wskazany adres korespondencyjny. Obie wersje mo\u017cemy uzupe\u0142ni\u0107 tre\u015bci\u0105 wskazan\u0105 przez Ciebie. Nadamy te\u017c uniwersalny kod do [&hellip;]<\/p>","protected":false},"featured_media":10428,"comment_status":"open","ping_status":"closed","template":"","meta":[],"product_cat":[82,265],"product_tag":[],"_links":{"self":[{"href":"https:\/\/hastan.pl\/en\/wp-json\/wp\/v2\/product\/6125"}],"collection":[{"href":"https:\/\/hastan.pl\/en\/wp-json\/wp\/v2\/product"}],"about":[{"href":"https:\/\/hastan.pl\/en\/wp-json\/wp\/v2\/types\/product"}],"replies":[{"embeddable":true,"href":"https:\/\/hastan.pl\/en\/wp-json\/wp\/v2\/comments?post=6125"}],"wp:featuredmedia":[{"embeddable":true,"href":"https:\/\/hastan.pl\/en\/wp-json\/wp\/v2\/media\/10428"}],"wp:attachment":[{"href":"https:\/\/hastan.pl\/en\/wp-json\/wp\/v2\/media?parent=6125"}],"wp:term":[{"taxonomy":"product_cat","embeddable":true,"href":"https:\/\/hastan.pl\/en\/wp-json\/wp\/v2\/product_cat?post=6125"},{"taxonomy":"product_tag","embeddable":true,"href":"https:\/\/hastan.pl\/en\/wp-json\/wp\/v2\/product_tag?post=6125"}],"curies":[{"name":"wp","href":"https:\/\/api.w.org\/{rel}","templated":true}]}}