{"id":9058,"date":"2022-05-29T20:13:43","date_gmt":"2022-05-29T18:13:43","guid":{"rendered":"https:\/\/hastan.pl\/?post_type=product&#038;p=9058"},"modified":"2026-03-04T10:12:48","modified_gmt":"2026-03-04T09:12:48","slug":"spodenki-wspinaczkowe-meskie-krotkie-polgacie-zielono-pomarnaczowe","status":"publish","type":"product","link":"https:\/\/hastan.pl\/en\/product\/spodenki-wspinaczkowe-meskie-krotkie-polgacie-zielono-pomarnaczowe\/","title":{"rendered":"Men&#039;s Climbing Short Pants Green Orange"},"content":{"rendered":"<p>A na ciep\u0142e dni tniemy Dzikie Gacie<\/p>\n<p>Kolekcja SzachMat &#8211; Hastanowe kombinacje kolorystyczne \ud83d\ude00<\/p>\n<p>Niezwykle mocna bawe\u0142na z\u00a0 dodatkiem elastanu sprawi, \u017ce spodnie wspinaczkowe znios\u0105 wiele. Naturalna tkanina nie powoduj\u0105ca obtar\u0107 czy reakcji alergicznych zadowoli najbardziej wymagaj\u0105cego klienta.<\/p>\n<p>Why is it worth:<\/p>\n<ul>\n<li>Crotch gusset (ideal for splits)<\/li>\n<li>Darts in the knees<\/li>\n<li>4 Large and convenient pockets<\/li>\n<li>Guma w pasie<\/li>\n<li>Entirely designed and sewn in \u0141\u00f3d\u017a<\/li>\n<li>Accessories: embroidery, tags, button, zipper all made locally in the \u0141\u00f3d\u017a area<\/li>\n<\/ul>\n<p>Works with the harness and provides pocket access.<\/p>\n<p>Pants also look great after climbing. With an ordinary T-shirt, you can boldly go to the city in them.<\/p>\n<p>Packaging - ZERO FOIL - Each climbing pants is packed in a denim bag that you can use in any way. We know from the information from our clients that it will be perfect for quickdraws, climbing shoes, and even crampons \ud83d\ude09<\/p>\n<p>Composition:<br \/>\nCotton 98%<br \/>\nElastane 2%<\/p>\n<table>\n<tbody>\n<tr>\n<td style=\"text-align: center;\" colspan=\"5\" width=\"482\"><strong>Men&#039;s pants<\/strong><\/td>\n<\/tr>\n<tr>\n<td width=\"127\"><\/td>\n<td style=\"text-align: center;\" width=\"112\">S<\/td>\n<td style=\"text-align: center;\" width=\"122\">M<\/td>\n<td style=\"text-align: center;\" width=\"122\">L<\/td>\n<td style=\"text-align: center;\" width=\"122\">XL<\/td>\n<\/tr>\n<tr>\n<td width=\"127\"><strong>Waist width *<\/strong><\/td>\n<td style=\"text-align: center;\" width=\"112\">32\/43<\/td>\n<td style=\"text-align: center;\" width=\"122\">34\/46<\/td>\n<td style=\"text-align: center;\" width=\"122\">35\/48<\/td>\n<td style=\"text-align: center;\" width=\"122\"><\/td>\n<\/tr>\n<tr>\n<td width=\"127\"><strong>The width of the hips<\/strong><\/td>\n<td style=\"text-align: center;\" width=\"112\">51<\/td>\n<td style=\"text-align: center;\" width=\"122\">51,5<\/td>\n<td style=\"text-align: center;\" width=\"122\">51,5<\/td>\n<td style=\"text-align: center;\" width=\"122\"><\/td>\n<\/tr>\n<tr>\n<td width=\"127\"><strong>Length in the crotch<\/strong><\/td>\n<td style=\"text-align: center;\" width=\"112\">24,5<\/td>\n<td style=\"text-align: center;\" width=\"122\">25<\/td>\n<td style=\"text-align: center;\" width=\"122\">25<\/td>\n<td style=\"text-align: center;\" width=\"122\"><\/td>\n<\/tr>\n<tr>\n<td width=\"127\"><strong>Front length<\/strong><\/td>\n<td style=\"text-align: center;\" width=\"112\">49<\/td>\n<td style=\"text-align: center;\" width=\"122\">51<\/td>\n<td style=\"text-align: center;\" width=\"122\">52,5<\/td>\n<td style=\"text-align: center;\" width=\"122\"><\/td>\n<\/tr>\n<\/tbody>\n<\/table>\n<p>* flat without stretching \/ stretched<\/p>","protected":false},"excerpt":{"rendered":"<p>A na ciep\u0142e dni tniemy Dzikie Gacie<\/p>\n<p>Kolekcja SzachMat &#8211; Hastanowe kombinacje kolorystyczne \ud83d\ude00<\/p>","protected":false},"featured_media":9124,"comment_status":"open","ping_status":"closed","template":"","meta":[],"product_cat":[409,410,416,44,93,137,143],"product_tag":[],"_links":{"self":[{"href":"https:\/\/hastan.pl\/en\/wp-json\/wp\/v2\/product\/9058"}],"collection":[{"href":"https:\/\/hastan.pl\/en\/wp-json\/wp\/v2\/product"}],"about":[{"href":"https:\/\/hastan.pl\/en\/wp-json\/wp\/v2\/types\/product"}],"replies":[{"embeddable":true,"href":"https:\/\/hastan.pl\/en\/wp-json\/wp\/v2\/comments?post=9058"}],"wp:featuredmedia":[{"embeddable":true,"href":"https:\/\/hastan.pl\/en\/wp-json\/wp\/v2\/media\/9124"}],"wp:attachment":[{"href":"https:\/\/hastan.pl\/en\/wp-json\/wp\/v2\/media?parent=9058"}],"wp:term":[{"taxonomy":"product_cat","embeddable":true,"href":"https:\/\/hastan.pl\/en\/wp-json\/wp\/v2\/product_cat?post=9058"},{"taxonomy":"product_tag","embeddable":true,"href":"https:\/\/hastan.pl\/en\/wp-json\/wp\/v2\/product_tag?post=9058"}],"curies":[{"name":"wp","href":"https:\/\/api.w.org\/{rel}","templated":true}]}}