{"id":9168,"date":"2022-05-30T21:53:17","date_gmt":"2022-05-30T19:53:17","guid":{"rendered":"https:\/\/hastan.pl\/?post_type=product&#038;p=9168"},"modified":"2026-03-04T10:10:30","modified_gmt":"2026-03-04T09:10:30","slug":"spodenki-wspinaczkowe-damskie-krotkie-cwierc-gacie-pomaranczowo-zielone","status":"publish","type":"product","link":"https:\/\/hastan.pl\/en\/product\/spodenki-wspinaczkowe-damskie-krotkie-cwierc-gacie-pomaranczowo-zielone\/","title":{"rendered":"Climbing Shorts Checkmate Orange Green - Women's"},"content":{"rendered":"<p>A na ciep\u0142e dni tniemy Dzikie Gacie<\/p>\n<p>Kolekcja SzachMat &#8211; Hastanowe kombinacje kolorystyczne \ud83d\ude00<\/p>\n<p>Niezwykle mocna bawe\u0142na z\u00a0 dodatkiem elastanu sprawi, \u017ce spodnie wspinaczkowe znios\u0105 wiele. Naturalna tkanina nie powoduj\u0105ca obtar\u0107 czy reakcji alergicznych zadowoli najbardziej wymagaj\u0105cego klienta.<\/p>\n<p>Why is it worth:<\/p>\n<ul>\n<li>Crotch gusset (ideal for splits)<\/li>\n<li>4 Large and convenient pockets<\/li>\n<li>Guma w pasie<\/li>\n<li>Entirely designed and sewn in \u0141\u00f3d\u017a<\/li>\n<li>Accessories: embroidery, tags, button, zipper all made locally in the \u0141\u00f3d\u017a area<\/li>\n<\/ul>\n<p>Works with the harness and provides pocket access.<\/p>\n<p>Pants also look great after climbing. With an ordinary T-shirt, you can boldly go to the city in them.<\/p>\n<p>Packaging - ZERO FOIL - Each climbing pants is packed in a denim bag that you can use in any way. We know from the information from our clients that it will be perfect for quickdraws, climbing shoes, and even crampons \ud83d\ude09<\/p>\n<p>Composition:<br \/>\nCotton 98%<br \/>\nElastane 2%<\/p>\n<table>\n<tbody>\n<tr>\n<td style=\"text-align: center;\" colspan=\"5\" width=\"482\"><strong>Spodenki wspinaczkowe damskie kr\u00f3tkie &#8211; SzachMat<\/strong><\/td>\n<\/tr>\n<tr>\n<td width=\"127\"><\/td>\n<td style=\"text-align: center;\" width=\"112\">XS<\/td>\n<td style=\"text-align: center;\" width=\"122\">S<\/td>\n<td style=\"text-align: center;\" width=\"122\">M<\/td>\n<td style=\"text-align: center;\" width=\"122\">L<\/td>\n<\/tr>\n<tr>\n<td width=\"127\"><strong>Waist circumference*<\/strong><\/td>\n<td style=\"text-align: center;\" width=\"112\">56\/86<\/td>\n<td style=\"text-align: center;\" width=\"122\">60\/92<\/td>\n<td style=\"text-align: center;\" width=\"122\">62\/96<\/td>\n<td style=\"text-align: center;\" width=\"122\">66\/102<\/td>\n<\/tr>\n<tr>\n<td width=\"127\"><strong>Hips circumference<\/strong><\/td>\n<td style=\"text-align: center;\" width=\"112\">96<\/td>\n<td style=\"text-align: center;\" width=\"122\">98<\/td>\n<td style=\"text-align: center;\" width=\"122\">102<\/td>\n<td style=\"text-align: center;\" width=\"122\">106<\/td>\n<\/tr>\n<tr>\n<td width=\"127\"><strong>Length in the crotch<\/strong><\/td>\n<td style=\"text-align: center;\" width=\"112\">21<\/td>\n<td style=\"text-align: center;\" width=\"122\">22<\/td>\n<td style=\"text-align: center;\" width=\"122\">23<\/td>\n<td style=\"text-align: center;\" width=\"122\">23<\/td>\n<\/tr>\n<tr>\n<td width=\"127\"><strong>Total length<\/strong><\/td>\n<td style=\"text-align: center;\" width=\"112\">44<\/td>\n<td style=\"text-align: center;\" width=\"122\">45<\/td>\n<td style=\"text-align: center;\" width=\"122\">46<\/td>\n<td style=\"text-align: center;\" width=\"122\">46<\/td>\n<\/tr>\n<\/tbody>\n<\/table>\n<p>* flat without stretching \/ stretched<\/p>","protected":false},"excerpt":{"rendered":"<p>A na ciep\u0142e dni tniemy Dzikie Gacie<\/p>\n<p>Kolekcja SzachMat &#8211; Hastanowe kombinacje kolorystyczne \ud83d\ude00<\/p>","protected":false},"featured_media":9063,"comment_status":"open","ping_status":"closed","template":"","meta":[],"product_cat":[425,418,419,38,92,138,143],"product_tag":[],"_links":{"self":[{"href":"https:\/\/hastan.pl\/en\/wp-json\/wp\/v2\/product\/9168"}],"collection":[{"href":"https:\/\/hastan.pl\/en\/wp-json\/wp\/v2\/product"}],"about":[{"href":"https:\/\/hastan.pl\/en\/wp-json\/wp\/v2\/types\/product"}],"replies":[{"embeddable":true,"href":"https:\/\/hastan.pl\/en\/wp-json\/wp\/v2\/comments?post=9168"}],"wp:featuredmedia":[{"embeddable":true,"href":"https:\/\/hastan.pl\/en\/wp-json\/wp\/v2\/media\/9063"}],"wp:attachment":[{"href":"https:\/\/hastan.pl\/en\/wp-json\/wp\/v2\/media?parent=9168"}],"wp:term":[{"taxonomy":"product_cat","embeddable":true,"href":"https:\/\/hastan.pl\/en\/wp-json\/wp\/v2\/product_cat?post=9168"},{"taxonomy":"product_tag","embeddable":true,"href":"https:\/\/hastan.pl\/en\/wp-json\/wp\/v2\/product_tag?post=9168"}],"curies":[{"name":"wp","href":"https:\/\/api.w.org\/{rel}","templated":true}]}}